{"id":299,"date":"2025-05-07T14:35:56","date_gmt":"2025-05-07T11:35:56","guid":{"rendered":"https:\/\/www.groundec.com\/gesellschaft\/"},"modified":"2025-11-27T08:48:09","modified_gmt":"2025-11-27T06:48:09","slug":"gesellschaft","status":"publish","type":"page","link":"https:\/\/www.groundec.com\/de\/gesellschaft\/","title":{"rendered":"Gesellschaft"},"content":{"rendered":"<h1>Efficiente <strong>Erdverkabelung mit innovativen Ger\u00e4ten und automatischer Abbildung von Lage- und Tiefendaten<\/strong><\/h1>\n<p>Wir entwickeln und herstellen robuste, bedienungsfreundliche Ger\u00e4te f\u00fcr die Erdkabelverlegung und die digitale Geodatenverwaltung. Mit unseren L\u00f6sungen machen wir die Erdkabelinfrastruktur sicherer und umweltfreundlicher.<\/p>\n<ul>\n<li>Groundec wurde 2020 gegr\u00fcndet \u2014 wir verf\u00fcgen \u00fcber 40 Jahre praktische Erfahrung im Bereich Erdarbeiten und Kabelverlegung unter harten Bedingungen.<\/li>\n<li>Wir haben mehrere patentierte Technologien entwickelt, die die Effizienz der Erdverkabelung steigern und die Kosten senken.<\/li>\n<li>Die Funktionsf\u00e4higkeit wurde unter den harten Gel\u00e4ndebedingungen Ostfinnlands getestet.<\/li>\n<\/ul>\n<p>&nbsp;<\/p>\n<p><strong>Entdecken Sie unsere Produkte, die Ihnen helfen, Ihre Verkabelungsarbeiten effizienter zu gestalten.<\/strong><\/p>\n<h2>Kabelpflug &#8211; Planierschield &#8211; Trommelaufnahme &#8211; Geomaster<\/h2>\n","protected":false},"excerpt":{"rendered":"<p>Efficiente Erdverkabelung mit innovativen Ger\u00e4ten und automatischer Abbildung von Lage- und Tiefendaten Wir entwickeln und herstellen robuste, bedienungsfreundliche Ger\u00e4te f\u00fcr die Erdkabelverlegung und die digitale&#8230;<\/p>\n","protected":false},"author":1,"featured_media":0,"parent":0,"menu_order":0,"comment_status":"closed","ping_status":"closed","template":"","meta":{"footnotes":""},"class_list":["post-299","page","type-page","status-publish","hentry"],"yoast_head":"<!-- This site is optimized with the Yoast SEO plugin v27.5 - https:\/\/yoast.com\/product\/yoast-seo-wordpress\/ -->\n<title>Gesellschaft - Groundec<\/title>\n<meta name=\"description\" content=\"Die Groundec - Produkte wurden auf die Kabelverlegung im steinigen Boden von Ostfinnland ausgelegt, wo die Maschinen extrem beansprucht werden und...\" \/>\n<meta name=\"robots\" content=\"index, follow, max-snippet:-1, max-image-preview:large, max-video-preview:-1\" \/>\n<link rel=\"canonical\" href=\"https:\/\/www.groundec.com\/de\/gesellschaft\/\" \/>\n<meta property=\"og:locale\" content=\"de_DE\" \/>\n<meta property=\"og:type\" content=\"article\" \/>\n<meta property=\"og:title\" content=\"Gesellschaft - Groundec\" \/>\n<meta property=\"og:description\" content=\"Die Groundec - Produkte wurden auf die Kabelverlegung im steinigen Boden von Ostfinnland ausgelegt, wo die Maschinen extrem beansprucht werden und...\" \/>\n<meta property=\"og:url\" content=\"https:\/\/www.groundec.com\/de\/gesellschaft\/\" \/>\n<meta property=\"og:site_name\" content=\"Groundec\" \/>\n<meta property=\"article:publisher\" content=\"https:\/\/www.facebook.com\/Groundec-107739495013362\/\" \/>\n<meta property=\"article:modified_time\" content=\"2025-11-27T06:48:09+00:00\" \/>\n<meta property=\"og:image\" content=\"https:\/\/www.groundec.com\/wpc\/uploads\/2025\/09\/some-jako_FB_1200x630px.jpg\" \/>\n\t<meta property=\"og:image:width\" content=\"1200\" \/>\n\t<meta property=\"og:image:height\" content=\"630\" \/>\n\t<meta property=\"og:image:type\" content=\"image\/jpeg\" \/>\n<meta name=\"twitter:card\" content=\"summary_large_image\" \/>\n<meta name=\"twitter:label1\" content=\"Est. reading time\" \/>\n\t<meta name=\"twitter:data1\" content=\"1 minute\" \/>\n<script type=\"application\/ld+json\" class=\"yoast-schema-graph\">{\"@context\":\"https:\\\/\\\/schema.org\",\"@graph\":[{\"@type\":\"WebPage\",\"@id\":\"https:\\\/\\\/www.groundec.com\\\/de\\\/gesellschaft\\\/\",\"url\":\"https:\\\/\\\/www.groundec.com\\\/de\\\/gesellschaft\\\/\",\"name\":\"Gesellschaft - Groundec\",\"isPartOf\":{\"@id\":\"https:\\\/\\\/www.groundec.com\\\/de\\\/#website\"},\"datePublished\":\"2025-05-07T11:35:56+00:00\",\"dateModified\":\"2025-11-27T06:48:09+00:00\",\"description\":\"Die Groundec - Produkte wurden auf die Kabelverlegung im steinigen Boden von Ostfinnland ausgelegt, wo die Maschinen extrem beansprucht werden und...\",\"breadcrumb\":{\"@id\":\"https:\\\/\\\/www.groundec.com\\\/de\\\/gesellschaft\\\/#breadcrumb\"},\"inLanguage\":\"de-DE\",\"potentialAction\":[{\"@type\":\"ReadAction\",\"target\":[\"https:\\\/\\\/www.groundec.com\\\/de\\\/gesellschaft\\\/\"]}]},{\"@type\":\"BreadcrumbList\",\"@id\":\"https:\\\/\\\/www.groundec.com\\\/de\\\/gesellschaft\\\/#breadcrumb\",\"itemListElement\":[{\"@type\":\"ListItem\",\"position\":1,\"name\":\"Home\",\"item\":\"https:\\\/\\\/www.groundec.com\\\/de\\\/\"},{\"@type\":\"ListItem\",\"position\":2,\"name\":\"Gesellschaft\"}]},{\"@type\":\"WebSite\",\"@id\":\"https:\\\/\\\/www.groundec.com\\\/de\\\/#website\",\"url\":\"https:\\\/\\\/www.groundec.com\\\/de\\\/\",\"name\":\"Groundec\",\"description\":\"Uraauurtavaa maakaapelointia\",\"publisher\":{\"@id\":\"https:\\\/\\\/www.groundec.com\\\/de\\\/#organization\"},\"potentialAction\":[{\"@type\":\"SearchAction\",\"target\":{\"@type\":\"EntryPoint\",\"urlTemplate\":\"https:\\\/\\\/www.groundec.com\\\/de\\\/?s={search_term_string}\"},\"query-input\":{\"@type\":\"PropertyValueSpecification\",\"valueRequired\":true,\"valueName\":\"search_term_string\"}}],\"inLanguage\":\"de-DE\"},{\"@type\":\"Organization\",\"@id\":\"https:\\\/\\\/www.groundec.com\\\/de\\\/#organization\",\"name\":\"Groundec\",\"url\":\"https:\\\/\\\/www.groundec.com\\\/de\\\/\",\"logo\":{\"@type\":\"ImageObject\",\"inLanguage\":\"de-DE\",\"@id\":\"https:\\\/\\\/www.groundec.com\\\/de\\\/#\\\/schema\\\/logo\\\/image\\\/\",\"url\":\"https:\\\/\\\/www.groundec.com\\\/wpc\\\/uploads\\\/2025\\\/09\\\/groundec_profiilikuva_800x800.png\",\"contentUrl\":\"https:\\\/\\\/www.groundec.com\\\/wpc\\\/uploads\\\/2025\\\/09\\\/groundec_profiilikuva_800x800.png\",\"width\":512,\"height\":512,\"caption\":\"Groundec\"},\"image\":{\"@id\":\"https:\\\/\\\/www.groundec.com\\\/de\\\/#\\\/schema\\\/logo\\\/image\\\/\"},\"sameAs\":[\"https:\\\/\\\/www.facebook.com\\\/Groundec-107739495013362\\\/\",\"https:\\\/\\\/www.instagram.com\\\/groundecoy\\\/\",\"https:\\\/\\\/www.youtube.com\\\/channel\\\/UCYTZYJbUe5jeb77Bxf1CqCA\"]}]}<\/script>\n<!-- \/ Yoast SEO plugin. -->","yoast_head_json":{"title":"Gesellschaft - Groundec","description":"Die Groundec - Produkte wurden auf die Kabelverlegung im steinigen Boden von Ostfinnland ausgelegt, wo die Maschinen extrem beansprucht werden und...","robots":{"index":"index","follow":"follow","max-snippet":"max-snippet:-1","max-image-preview":"max-image-preview:large","max-video-preview":"max-video-preview:-1"},"canonical":"https:\/\/www.groundec.com\/de\/gesellschaft\/","og_locale":"de_DE","og_type":"article","og_title":"Gesellschaft - Groundec","og_description":"Die Groundec - Produkte wurden auf die Kabelverlegung im steinigen Boden von Ostfinnland ausgelegt, wo die Maschinen extrem beansprucht werden und...","og_url":"https:\/\/www.groundec.com\/de\/gesellschaft\/","og_site_name":"Groundec","article_publisher":"https:\/\/www.facebook.com\/Groundec-107739495013362\/","article_modified_time":"2025-11-27T06:48:09+00:00","og_image":[{"width":1200,"height":630,"url":"https:\/\/www.groundec.com\/wpc\/uploads\/2025\/09\/some-jako_FB_1200x630px.jpg","type":"image\/jpeg"}],"twitter_card":"summary_large_image","twitter_misc":{"Est. reading time":"1 minute"},"schema":{"@context":"https:\/\/schema.org","@graph":[{"@type":"WebPage","@id":"https:\/\/www.groundec.com\/de\/gesellschaft\/","url":"https:\/\/www.groundec.com\/de\/gesellschaft\/","name":"Gesellschaft - Groundec","isPartOf":{"@id":"https:\/\/www.groundec.com\/de\/#website"},"datePublished":"2025-05-07T11:35:56+00:00","dateModified":"2025-11-27T06:48:09+00:00","description":"Die Groundec - Produkte wurden auf die Kabelverlegung im steinigen Boden von Ostfinnland ausgelegt, wo die Maschinen extrem beansprucht werden und...","breadcrumb":{"@id":"https:\/\/www.groundec.com\/de\/gesellschaft\/#breadcrumb"},"inLanguage":"de-DE","potentialAction":[{"@type":"ReadAction","target":["https:\/\/www.groundec.com\/de\/gesellschaft\/"]}]},{"@type":"BreadcrumbList","@id":"https:\/\/www.groundec.com\/de\/gesellschaft\/#breadcrumb","itemListElement":[{"@type":"ListItem","position":1,"name":"Home","item":"https:\/\/www.groundec.com\/de\/"},{"@type":"ListItem","position":2,"name":"Gesellschaft"}]},{"@type":"WebSite","@id":"https:\/\/www.groundec.com\/de\/#website","url":"https:\/\/www.groundec.com\/de\/","name":"Groundec","description":"Uraauurtavaa maakaapelointia","publisher":{"@id":"https:\/\/www.groundec.com\/de\/#organization"},"potentialAction":[{"@type":"SearchAction","target":{"@type":"EntryPoint","urlTemplate":"https:\/\/www.groundec.com\/de\/?s={search_term_string}"},"query-input":{"@type":"PropertyValueSpecification","valueRequired":true,"valueName":"search_term_string"}}],"inLanguage":"de-DE"},{"@type":"Organization","@id":"https:\/\/www.groundec.com\/de\/#organization","name":"Groundec","url":"https:\/\/www.groundec.com\/de\/","logo":{"@type":"ImageObject","inLanguage":"de-DE","@id":"https:\/\/www.groundec.com\/de\/#\/schema\/logo\/image\/","url":"https:\/\/www.groundec.com\/wpc\/uploads\/2025\/09\/groundec_profiilikuva_800x800.png","contentUrl":"https:\/\/www.groundec.com\/wpc\/uploads\/2025\/09\/groundec_profiilikuva_800x800.png","width":512,"height":512,"caption":"Groundec"},"image":{"@id":"https:\/\/www.groundec.com\/de\/#\/schema\/logo\/image\/"},"sameAs":["https:\/\/www.facebook.com\/Groundec-107739495013362\/","https:\/\/www.instagram.com\/groundecoy\/","https:\/\/www.youtube.com\/channel\/UCYTZYJbUe5jeb77Bxf1CqCA"]}]}},"_links":{"self":[{"href":"https:\/\/www.groundec.com\/de\/wp-json\/wp\/v2\/pages\/299","targetHints":{"allow":["GET"]}}],"collection":[{"href":"https:\/\/www.groundec.com\/de\/wp-json\/wp\/v2\/pages"}],"about":[{"href":"https:\/\/www.groundec.com\/de\/wp-json\/wp\/v2\/types\/page"}],"author":[{"embeddable":true,"href":"https:\/\/www.groundec.com\/de\/wp-json\/wp\/v2\/users\/1"}],"replies":[{"embeddable":true,"href":"https:\/\/www.groundec.com\/de\/wp-json\/wp\/v2\/comments?post=299"}],"version-history":[{"count":0,"href":"https:\/\/www.groundec.com\/de\/wp-json\/wp\/v2\/pages\/299\/revisions"}],"wp:attachment":[{"href":"https:\/\/www.groundec.com\/de\/wp-json\/wp\/v2\/media?parent=299"}],"curies":[{"name":"wp","href":"https:\/\/api.w.org\/{rel}","templated":true}]}}